{"id":5379,"date":"2017-12-09T08:52:00","date_gmt":"2017-12-09T08:52:00","guid":{"rendered":"https:\/\/brando.themezaa.com\/corporate\/?page_id=5379"},"modified":"2026-04-15T08:59:37","modified_gmt":"2026-04-15T05:59:37","slug":"corporate","status":"publish","type":"page","link":"https:\/\/toimintaterapiaollikorvala.fi\/","title":{"rendered":"Toimintaterapia Olli Korvala"},"content":{"rendered":"<section  id=\"etusivu\" class=\"brando-row-1 no-padding bg-image-srcset parallax-fix parallax2\" style=\"background: url(https:\/\/toimintaterapiaollikorvala.fi\/wp-content\/uploads\/2022\/10\/toimintaterapia-olli-korvala-oulu-etusivu.jpg) no-repeat center;\" data-bg-srcset=\"https:\/\/toimintaterapiaollikorvala.fi\/wp-content\/uploads\/2022\/10\/toimintaterapia-olli-korvala-oulu-etusivu.jpg 1920w, https:\/\/toimintaterapiaollikorvala.fi\/wp-content\/uploads\/2022\/10\/toimintaterapia-olli-korvala-oulu-etusivu-300x169.jpg 300w, https:\/\/toimintaterapiaollikorvala.fi\/wp-content\/uploads\/2022\/10\/toimintaterapia-olli-korvala-oulu-etusivu-1024x576.jpg 1024w, https:\/\/toimintaterapiaollikorvala.fi\/wp-content\/uploads\/2022\/10\/toimintaterapia-olli-korvala-oulu-etusivu-768x432.jpg 768w, https:\/\/toimintaterapiaollikorvala.fi\/wp-content\/uploads\/2022\/10\/toimintaterapia-olli-korvala-oulu-etusivu-1536x864.jpg 1536w, https:\/\/toimintaterapiaollikorvala.fi\/wp-content\/uploads\/2022\/10\/toimintaterapia-olli-korvala-oulu-etusivu-420x236.jpg 420w, https:\/\/toimintaterapiaollikorvala.fi\/wp-content\/uploads\/2022\/10\/toimintaterapia-olli-korvala-oulu-etusivu-1200x675.jpg 1200w\"><div class=\"container\"><div class=\"row\"><div class=\"wpb_column brando-column-container brando-column-1 full-screen vc_col-sm-12 vc_col-xs-12\" data-front-class=\"brando-column-container brando-column-1 full-screen\"><div class=\"vc-column-innner-wrapper\"><div class=\"wpd-innner-wrapper\"><div class=\"slider-typography text-center \"><div class=\"slider-text-middle-main\"><div class=\"slider-text-middle slider-typography-option6\"><span class=\"text-uppercase deep-green-text font-weight-700 alt-font brando-font-setting-69dfd62918533\" style=\"color:#ffffff !important\">Toimintaterapia Olli Korvala<\/span><a href=\"#yhteystiedot\" target=\"_self\" class=\"highlight-button-white-border btn btn-medium button letter-spacing-1 inner-link margin-two-top no-margin-bottom no-margin-lr xs-margin-eleven xs-no-margin-top xs-no-margin-bottom xs-no-margin-lr\">Katso yhteystiedot!<\/a><\/div><\/div><\/div><\/div><\/div><\/div><\/div><\/div><\/section><section class=\"brando-row-2 padding-four-top md-padding-four-top sm-padding-four-top xs-padding-four-top\" style=\"background-color:#f6f6f6;\"><div class=\"container\"><div class=\"row\"><div class=\"wpb_column brando-column-container brando-column-2 vc_col-sm-12 vc_col-xs-12 text-center margin-three-bottom sm-margin-five-bottom\" data-front-class=\"brando-column-container brando-column-2 text-center margin-three-bottom sm-margin-five-bottom\"><div class=\"vc-column-innner-wrapper\"><div class=\"wpd-innner-wrapper\"><div class=\"brando-text-1\"><p>Tarjoan toimintaterapiapalveluita Oulussa ja sen ymp\u00e4rist\u00f6kunnissa lapsille, nuorille ja aikuisille.<\/p>\n<p>Osaamiseni painottuu neuropsykiatriseen ja psykososiaaliseen toimintaterapiaan. Olen kouluttautunut my\u00f6s liikuntarajoitteisten henkil\u00f6iden toimintaterapiaan (Cp-vamma\/NDT-Bobath).<\/p>\n<p>Yhteisty\u00f6tahojani ovat Kela, Pohjois-Pohjanmaan hyvinvointia alue, Pohde sek\u00e4 eri vakuutusyhti\u00f6t.<\/p>\n<p>Terapia toteutuu asiakkaan omassa arjessa koti-, ymp\u00e4rist\u00f6-, p\u00e4iv\u00e4koti- ja kouluk\u00e4yntein\u00e4. Vahvuutena yrityksess\u00e4 on terapeutin pysyvyys ja pitk\u00e4aikainen sitoutuminen terapiasuhteisiin sek\u00e4 asiakkaiden yksil\u00f6llisten tarpeiden huomiointi.<\/p>\n<\/div><\/div><\/div><\/div><\/div><\/div><\/section><section id=\"toimintaterapia\" class=\"brando-row-3\"><div class=\"container\"><div class=\"row\"><div class=\"wpb_column brando-column-container brando-column-3 vc_col-sm-12 vc_col-xs-12 text-center margin-three-bottom sm-margin-five-bottom\" data-front-class=\"brando-column-container brando-column-3 text-center margin-three-bottom sm-margin-five-bottom\"><div class=\"vc-column-innner-wrapper\"><div class=\"wpd-innner-wrapper\"><h2 class=\"brando-remove-frontend-editor-top alt-font  heading-style13 brando_heading_1512643618-2-8\" style=\"color:#5ddb30 !important;\">Toimintaterapia<\/h2><div class=\"brando-text-2 no-padding-top sm-no-padding-top xs-no-padding-top\"><p>Toimintaterapia on terapiamuoto, jonka tavoitteena on edist\u00e4\u00e4, yll\u00e4pit\u00e4\u00e4 ja tukea yksil\u00f6n toimintakyky\u00e4 ja hyvinvointia, jotta osallistuminen arjen toimintoihin ja itselleen t\u00e4rkeisiin asioihin onnistuvat itsen\u00e4isesti tai tuettuna. N\u00e4it\u00e4 ik\u00e4vaiheesta riippuvia arjen toimintoja ovat esimerkiksi leikki, koulunk\u00e4ynti\/opiskelu, ty\u00f6, itsest\u00e4 huolehtiminen, vapaa-aika ja lepo.<\/p>\n<p>Toimintaterapia ottaa huomioon yksil\u00f6llisesti asiakkaan ja h\u00e4nen l\u00e4heistens\u00e4 toiveet, tarpeet, voimavarat ja el\u00e4m\u00e4ntilanteen.<\/p>\n<\/div><\/div><\/div><\/div><\/div><\/div><\/section><section id=\"terapiansisaltoa\" class=\"brando-row-4 no-padding-bottom md-no-padding-bottom sm-no-padding-bottom xs-no-padding-bottom\" style=\"background-color:#f6f6f6;\"><div class=\"container\"><div class=\"row\"><div class=\"wpb_column brando-column-container brando-column-4 vc_col-sm-12 vc_col-xs-12 text-center no-padding-bottom md-no-padding-bottom sm-no-padding-bottom xs-no-padding-bottom\" data-front-class=\"brando-column-container brando-column-4 text-center no-padding-bottom md-no-padding-bottom sm-no-padding-bottom xs-no-padding-bottom\"><div class=\"vc-column-innner-wrapper\"><div class=\"wpd-innner-wrapper\"><h2 class=\"brando-remove-frontend-editor-top alt-font  heading-style13 no-padding-bottom sm-no-padding-bottom xs-no-padding-bottom brando_heading_1512643618-2-8\" style=\"color:#5ddb30 !important;\">Terapian sis\u00e4lt\u00f6\u00e4<\/h2><\/div><\/div><\/div><\/div><\/div><\/section><section class=\"brando-row-5 no-padding-top md-no-padding-top sm-no-padding-top xs-no-padding-top\" style=\"background-color:#f6f6f6;\"><div class=\"container\"><div class=\"row\"><div class=\"wpb_column brando-column-container brando-column-5 vc_col-sm-6 col-xs-mobile-fullwidth xs-text-center xs-padding-four-bottom\" data-front-class=\"brando-column-container brando-column-5 col-xs-mobile-fullwidth xs-text-center xs-padding-four-bottom\"><div class=\"vc-column-innner-wrapper\"><div class=\"wpd-innner-wrapper\"><div class=\"brando-text-3\"><p>Toimintaterapia toteutetaan p\u00e4\u00e4osin asiakkaan arkiymp\u00e4rist\u00f6ss\u00e4, jolloin taidot siirtyv\u00e4t paremmin k\u00e4ytt\u00f6\u00f6n.<\/p>\n<p>Terapiassa huomioidaan hoitavan tahon kuntoutussuunnitelmassa laatimat laajemmat tavoitteet sek\u00e4 perheen ja terapeutin asettamat tarkemmat Gas-tavoitteet. Perhe pystyy osallistumaan my\u00f6s terapian suunnitteluun, ja sen yksil\u00f6llisyytt\u00e4 ja toimintatapoja kunnioitetaan.<\/p>\n<p>Terapiassa voidaan hy\u00f6dynt\u00e4\u00e4 esim. luontoa ja seikkailuelementtej\u00e4, kun se hy\u00f6dynt\u00e4\u00e4 asiakkaan kuntoutuksellisia tarpeita.<\/p>\n<\/div><\/div><\/div><\/div><div class=\"wpb_column brando-column-container brando-column-6 vc_col-sm-6 col-xs-mobile-fullwidth xs-text-center\" data-front-class=\"brando-column-container brando-column-6 col-xs-mobile-fullwidth xs-text-center\"><div class=\"vc-column-innner-wrapper\"><div class=\"wpd-innner-wrapper\"><div class=\"brando-text-4\"><p>Toimintaterapiassa vahvistettavia taitoja voivat olla esimerkiksi:<\/p>\n<ul>\n<li>tarkkaavaisuus, toiminnanohjaus ja itses\u00e4\u00e4tely<\/li>\n<li>tunne- ja vuorovaikutustaidot<\/li>\n<li>itsen\u00e4istyminen<\/li>\n<li>itsest\u00e4 huolehtiminen: esim. asioiminen, peseytyminen, liikkuminen, ruoanlaitto<\/li>\n<li>altistusharjoitukset erilaisissa toimintaymp\u00e4rist\u00f6iss\u00e4<\/li>\n<li>luonto \/ seikkailu vs. mobiililaitteet<\/li>\n<li>sosiaaliset taidot<\/li>\n<li>hieno- ja karkeamotoriikka<\/li>\n<li>hahmottaminen sek\u00e4 silm\u00e4n ja k\u00e4den yhteisty\u00f6<\/li>\n<li>leikkitaidot<\/li>\n<li>sensoriikka ja aistis\u00e4\u00e4tely<\/li>\n<\/ul>\n<\/div><\/div><\/div><\/div><\/div><\/div><\/section><section id=\"koulutus\" class=\"brando-row-6 no-padding-bottom md-no-padding-bottom sm-no-padding-bottom xs-padding-eight-bottom\"><div class=\"container\"><div class=\"row\"><div class=\"wpb_column brando-column-container brando-column-7 vc_col-sm-12 vc_col-md-12 vc_col-xs-12 text-center margin-seven-bottom sm-margin-five-bottom\" data-front-class=\"brando-column-container brando-column-7 text-center margin-seven-bottom sm-margin-five-bottom\"><div class=\"vc-column-innner-wrapper\"><div class=\"wpd-innner-wrapper\"><h2 class=\"brando-remove-frontend-editor-top alt-font  heading-style13 brando_heading_1512643618-2-8\" style=\"color:#5ddb30 !important;\">Koulutus<\/h2><div class=\"brando-inner-row-1 brando-inner-row-class no-padding-bottom md-no-padding-bottom sm-no-padding-bottom xs-no-padding-bottom\"><div class=\"wpb_column brando-column-container brando-column-8 vc_col-sm-3 col-xs-mobile-fullwidth\" data-front-class=\"brando-column-container brando-column-8 col-xs-mobile-fullwidth\"><div class=\"vc-column-innner-wrapper\"><div class=\"wpd-innner-wrapper\">[vc_single_image image=\"5503\" img_size=\"750x650\"]<\/div><\/div><\/div><div class=\"wpb_column brando-column-container brando-column-9 vc_col-sm-9 col-xs-mobile-fullwidth text-left md-text-left sm-text-left xs-text-center no-padding-bottom md-no-padding-bottom sm-no-padding-bottom xs-no-padding-bottom\" data-front-class=\"brando-column-container brando-column-9 col-xs-mobile-fullwidth text-left md-text-left sm-text-left xs-text-center no-padding-bottom md-no-padding-bottom sm-no-padding-bottom xs-no-padding-bottom\"><div class=\"vc-column-innner-wrapper\"><div class=\"wpd-innner-wrapper\"><div class=\"brando-text-5\"><p>Olen toimintaterapeutti (AMK) ja minulla on ty\u00f6historiaa l\u00e4hes 30 vuoden ajalta. Minulla on pitk\u00e4 ja laaja-alainen ty\u00f6kokemus yksil\u00f6- ja ryhm\u00e4muotoisen toimintaterapian toteuttamisesta.<\/p>\n<p>Toimintaterapiakoulutuksen lis\u00e4ksi minulla on t\u00e4ydennyskoulutuksena NDT-Bobath ja Neuropsykiatrisen valmentajan koulutukset. Lis\u00e4ksi olen k\u00e4ynyt Seikkailukasvatuksen osa 1 ja 2 -koulutukset.<\/p>\n<\/div><\/div><\/div><\/div><\/div><\/div><\/div><\/div><\/div><\/div><\/section><section id=\"yhteystiedot\" class=\"brando-row-7\" style=\"border-bottom: 1px solid rgba(255,255,255,0.1);background-color:#f6f6f6;\"><div class=\"container\"><div class=\"row\"><div class=\"wpb_column brando-column-container brando-column-10 vc_col-sm-12 vc_col-md-12 vc_col-xs-12 text-center padding-four-bottom md-padding-four-bottom sm-padding-four-bottom xs-padding-four-bottom\" data-front-class=\"brando-column-container brando-column-10 text-center padding-four-bottom md-padding-four-bottom sm-padding-four-bottom xs-padding-four-bottom\"><div class=\"vc-column-innner-wrapper\"><div class=\"wpd-innner-wrapper\"><h2 class=\"brando-remove-frontend-editor-top alt-font  heading-style13 brando_heading_1512643618-2-8\" style=\"color:#5ddb30 !important;\">Vapaita aikoja 31.5.2026 alkaen<\/h2><\/div><\/div><\/div><div class=\"wpb_column brando-column-container brando-column-11 vc_col-sm-12 vc_col-md-9 vc_col-xs-12 clear-both center-col text-center\" data-front-class=\"brando-column-container brando-column-11 clear-both center-col text-center\"><div class=\"vc-column-innner-wrapper\"><div class=\"wpd-innner-wrapper\"><div class=\"brando-inner-row-2 brando-inner-row-class\"><div class=\"wpb_column brando-column-container brando-column-12 vc_col-sm-4 vc_col-md-4 vc_col-xs-12 xs-margin-twelve-bottom\" data-front-class=\"brando-column-container brando-column-12 xs-margin-twelve-bottom\"><div class=\"vc-column-innner-wrapper\"><div class=\"wpd-innner-wrapper\"><div class=\" text-center\"><i class=\"icon-phone icon-medium medium-gray-text\"><\/i><span class=\"display-block alt-font medium-gray-text line-height-normal none\">Tiedustelut:<\/span><h6 class=\"text-medium alt-font letter-spacing-1 text-transform-none medium-gray-text\">toimintaterapia.ollikorvala<br \/>\n(at)gmail.com<br \/>\npuh. 050 526 9099<\/h6>\n<\/div><\/div><\/div><\/div><div class=\"wpb_column brando-column-container brando-column-13 vc_col-sm-4 vc_col-md-4 vc_col-xs-12 xs-margin-twelve-bottom\" data-front-class=\"brando-column-container brando-column-13 xs-margin-twelve-bottom\"><div class=\"vc-column-innner-wrapper\"><div class=\"wpd-innner-wrapper\"><div class=\" text-center\"><i class=\"icon-envelope icon-medium medium-gray-text\"><\/i><span class=\"display-block alt-font medium-gray-text line-height-normal none\">Postiosoite:<\/span><h6 class=\"text-medium alt-font letter-spacing-1 text-transform-none medium-gray-text\">H\u00f6yrymyllyntie 6 B 46<br \/>\n90520 Oulu<\/h6>\n<\/div><\/div><\/div><\/div><div class=\"wpb_column brando-column-container brando-column-14 vc_col-sm-4 vc_col-md-4 vc_col-xs-12\" data-front-class=\"brando-column-container brando-column-14\"><div class=\"vc-column-innner-wrapper\"><div class=\"wpd-innner-wrapper\"><div class=\" text-center\"><i class=\"icon-briefcase icon-medium medium-gray-text\"><\/i><span class=\"display-block alt-font medium-gray-text line-height-normal none\">Y-tunnus:<\/span><h6 class=\"text-medium alt-font letter-spacing-1 text-transform-none medium-gray-text\">3272397-5<\/h6>\n<\/div><\/div><\/div><\/div><\/div><\/div><\/div><\/div><\/div><\/div><\/section>\n","protected":false},"excerpt":{"rendered":"<p>Toimintaterapia Olli KorvalaKatso yhteystiedot!Tarjoan toimintaterapiapalveluita Oulussa ja sen ymp\u00e4rist\u00f6kunnissa lapsille, nuorille ja aikuisille. Osaamiseni painottuu neuropsykiatriseen ja psykososiaaliseen toimintaterapiaan. Olen kouluttautunut my\u00f6s liikuntarajoitteisten henkil\u00f6iden toimintaterapiaan (Cp-vamma\/NDT-Bobath). Yhteisty\u00f6tahojani ovat Kela, Pohjois-Pohjanmaan hyvinvointia alue, Pohde sek\u00e4 eri vakuutusyhti\u00f6t. Terapia toteutuu asiakkaan omassa arjessa koti-, ymp\u00e4rist\u00f6-, p\u00e4iv\u00e4koti- ja kouluk\u00e4yntein\u00e4. Vahvuutena yrityksess\u00e4 on terapeutin pysyvyys ja pitk\u00e4aikainen sitoutuminen terapiasuhteisiin [&hellip;]<\/p>\n","protected":false},"author":2,"featured_media":0,"parent":0,"menu_order":0,"comment_status":"closed","ping_status":"closed","template":"","meta":{"footnotes":""},"class_list":["post-5379","page","type-page","status-publish","hentry"],"_links":{"self":[{"href":"https:\/\/toimintaterapiaollikorvala.fi\/index.php\/wp-json\/wp\/v2\/pages\/5379","targetHints":{"allow":["GET"]}}],"collection":[{"href":"https:\/\/toimintaterapiaollikorvala.fi\/index.php\/wp-json\/wp\/v2\/pages"}],"about":[{"href":"https:\/\/toimintaterapiaollikorvala.fi\/index.php\/wp-json\/wp\/v2\/types\/page"}],"author":[{"embeddable":true,"href":"https:\/\/toimintaterapiaollikorvala.fi\/index.php\/wp-json\/wp\/v2\/users\/2"}],"replies":[{"embeddable":true,"href":"https:\/\/toimintaterapiaollikorvala.fi\/index.php\/wp-json\/wp\/v2\/comments?post=5379"}],"version-history":[{"count":145,"href":"https:\/\/toimintaterapiaollikorvala.fi\/index.php\/wp-json\/wp\/v2\/pages\/5379\/revisions"}],"predecessor-version":[{"id":5605,"href":"https:\/\/toimintaterapiaollikorvala.fi\/index.php\/wp-json\/wp\/v2\/pages\/5379\/revisions\/5605"}],"wp:attachment":[{"href":"https:\/\/toimintaterapiaollikorvala.fi\/index.php\/wp-json\/wp\/v2\/media?parent=5379"}],"curies":[{"name":"wp","href":"https:\/\/api.w.org\/{rel}","templated":true}]}}